{"id":94,"date":"2022-04-30T14:44:40","date_gmt":"2022-04-30T14:44:40","guid":{"rendered":"https:\/\/sandbox.matheratte.ch\/?page_id=94"},"modified":"2022-05-01T05:46:52","modified_gmt":"2022-05-01T05:46:52","slug":"impressum","status":"publish","type":"page","link":"https:\/\/matheratte.ch\/?page_id=94","title":{"rendered":"Impressum"},"content":{"rendered":"\n<div class=\"wp-block-group alignwide is-layout-flow wp-block-group-is-layout-flow\">\n<h1 class=\"wp-block-heading\">Impressum<\/h1>\n\n\n\n<h2 class=\"wp-block-heading\" id=\"Herausgeber\">Redaktion, Design, Gestaltung<\/h2>\n\n\n\n<p>Kathrin St\u00e4rk, Z\u00fcrich, Schweiz<\/p>\n\n\n\n<h2 class=\"wp-block-heading\" id=\"Redaktion\">Zeichnungen<\/h2>\n\n\n\n<p>Roland Dostal<\/p>\n\n\n\n<h2 class=\"wp-block-heading\">Nutzungsbedingungen<\/h2>\n\n\n\n<p>Mit dem Zugriff auf diese Website erkl\u00e4ren Sie, die folgenden Nutzungsbedingungen und rechtlichen Informationen im Zusammenhang mit dieser Website akzeptiert zu haben und mit den darin enthaltenen Bedingungen einverstanden zu sein.<\/p>\n\n\n\n<h2 class=\"wp-block-heading\">Disclaimer und Haftungsausschluss<\/h2>\n\n\n\n<p>\u00abMatheratte\u00bb ist bem\u00fcht, dass die Informationen auf dieser Website zum Zeitpunkt der Ver\u00f6ffentlichung zutreffend sind und eine sichere Nutzung der Website erm\u00f6glichen. Gleichwohl k\u00f6nnen M\u00e4ngel wie z.B. Betriebsausfall, Datenverlust, Datenverf\u00e4lschung und Schadsoftware nicht ausgeschlossen werden. Der Zugriff auf die Website erfolgt daher auf eigene Gefahr und in eigener Verantwortung.<\/p>\n\n\n\n<h2 class=\"wp-block-heading\">Urheberrechte<\/h2>\n\n\n\n<p>Die Inhalte (insb. Texte, Grafiken, Bilder etc.) dieser Website sind urheberrechtlich gesch\u00fctzt und fallen, soweit nichts anders bestimmt, ausschliesslich und vollumf\u00e4nglich in das geistige Eigentum von \u00abMatheratte\u00bb. Die vollst\u00e4ndige oder teilweise Vervielf\u00e4ltigung, die elektronische oder mit anderen Mitteln erfolgte Verbreitung und Ver\u00e4nderung sowie die Benutzung f\u00fcr kommerzielle oder \u00f6ffentliche Zwecke bedarf der vorherigen und schriftlichen Zustimmung von Matheratte<\/p>\n<\/div>\n\n\n\n<p><\/p>\n","protected":false},"excerpt":{"rendered":"<p>Impressum Redaktion, Design, Gestaltung Kathrin St\u00e4rk, Z\u00fcrich, Schweiz Zeichnungen Roland Dostal Nutzungsbedingungen Mit dem Zugriff auf diese Website erkl\u00e4ren Sie, die folgenden Nutzungsbedingungen und rechtlichen Informationen im Zusammenhang mit dieser Website akzeptiert zu haben und mit den darin enthaltenen Bedingungen einverstanden zu sein. Disclaimer und Haftungsausschluss \u00abMatheratte\u00bb ist bem\u00fcht, dass die Informationen auf dieser Website [&hellip;]<\/p>\n","protected":false},"author":1,"featured_media":0,"parent":0,"menu_order":0,"comment_status":"closed","ping_status":"closed","template":"","meta":{"footnotes":""},"class_list":["post-94","page","type-page","status-publish","hentry"],"_links":{"self":[{"href":"https:\/\/matheratte.ch\/index.php?rest_route=\/wp\/v2\/pages\/94","targetHints":{"allow":["GET"]}}],"collection":[{"href":"https:\/\/matheratte.ch\/index.php?rest_route=\/wp\/v2\/pages"}],"about":[{"href":"https:\/\/matheratte.ch\/index.php?rest_route=\/wp\/v2\/types\/page"}],"author":[{"embeddable":true,"href":"https:\/\/matheratte.ch\/index.php?rest_route=\/wp\/v2\/users\/1"}],"replies":[{"embeddable":true,"href":"https:\/\/matheratte.ch\/index.php?rest_route=%2Fwp%2Fv2%2Fcomments&post=94"}],"version-history":[{"count":14,"href":"https:\/\/matheratte.ch\/index.php?rest_route=\/wp\/v2\/pages\/94\/revisions"}],"predecessor-version":[{"id":205,"href":"https:\/\/matheratte.ch\/index.php?rest_route=\/wp\/v2\/pages\/94\/revisions\/205"}],"wp:attachment":[{"href":"https:\/\/matheratte.ch\/index.php?rest_route=%2Fwp%2Fv2%2Fmedia&parent=94"}],"curies":[{"name":"wp","href":"https:\/\/api.w.org\/{rel}","templated":true}]}}