{"id":27,"date":"2022-03-29T11:53:17","date_gmt":"2022-03-29T11:53:17","guid":{"rendered":"https:\/\/sandbox.matheratte.ch\/?page_id=27"},"modified":"2022-12-12T09:48:14","modified_gmt":"2022-12-12T09:48:14","slug":"ueber-mich","status":"publish","type":"page","link":"https:\/\/matheratte.ch\/?page_id=27","title":{"rendered":"\u00dcber mich"},"content":{"rendered":"\n<div class=\"wp-block-media-text alignwide is-stacked-on-mobile is-vertically-aligned-top\"><figure class=\"wp-block-media-text__media\"><img loading=\"lazy\" decoding=\"async\" width=\"500\" height=\"560\" src=\"https:\/\/matheratte.ch\/wp-content\/uploads\/2022\/12\/matheratte_5.jpg\" alt=\"\" class=\"wp-image-304 size-full\" srcset=\"https:\/\/matheratte.ch\/wp-content\/uploads\/2022\/12\/matheratte_5.jpg 500w, https:\/\/matheratte.ch\/wp-content\/uploads\/2022\/12\/matheratte_5-268x300.jpg 268w\" sizes=\"auto, (max-width: 500px) 100vw, 500px\" \/><\/figure><div class=\"wp-block-media-text__content\">\n<h1 class=\"wp-block-heading\">Kathrin St\u00e4rk<\/h1>\n\n\n\n<p><\/p>\n\n\n\n<h2 class=\"wp-block-heading\">Primarlehrerin<\/h2>\n\n\n\n<p>Als Primarlehrerin an einer \u00f6ffentlichen Schule Z\u00fcrichs macht es mir grosse Freude, den Sch\u00fclerinnen und Sch\u00fclern die mathematischen Lerninhalte zu vermitteln. Trotz Individualisierung und Integrativer F\u00f6rderung ist es jedoch nicht m\u00f6glich, allen Kindern im regul\u00e4ren Unterricht gerecht zu werden.&nbsp;<\/p>\n\n\n\n<h2 class=\"wp-block-heading\">Dyskalkulie-Terapeutin<\/h2>\n\n\n\n<p>Bei der Arbeit als Dyskalkulie-Therapeutin kann ich das einzelne Kind in den Mittelpunkt stellen, den Problemen auf den Grund gehen, und gezielte F\u00f6rderschwerpunkte festlegen. Endlich k\u00f6nnen auch rechenschwache Kinder geb\u00fchrend unterst\u00fctzt werden.<\/p>\n\n\n\n<h2 class=\"wp-block-heading\">Verst\u00e4ndnis auf allen Ebenen<\/h2>\n\n\n\n<p>Die Freuden, Sorgen und Bed\u00fcrfnisse von jungen Schulkindern erlebe ich t\u00e4glich mit meinen zwei S\u00f6hnen. Entsprechend grosses Verst\u00e4ndnis habe ich f\u00fcr die jungen Menschen. Nat\u00fcrlich kenne ich auch die Elternperspektive und weiss, wie anspruchsvoll es ist, den \u00abrichtigen\u00bb Weg f\u00fcr sein eigenes Kind zu finden.<\/p>\n\n\n\n<h2 class=\"wp-block-heading\">Qualifikationen<\/h2>\n\n\n\n<p>2021: Dyskalkulie-Therapeutin TZR (Therapiezentrum Rechenschw\u00e4che, Basel)<\/p>\n\n\n\n<p>2017: Primarlehrerin (P\u00e4dagogische Hochschule Z\u00fcrich)<\/p>\n\n\n\n<p>2001: Kunsthistorikerin und Informatikerin (Universit\u00e4t Z\u00fcrich)<\/p>\n\n\n\n<p>1991: Pflegefachfrau (Krankenpflegeschule Z\u00fcrich)<\/p>\n\n\n\n<p><\/p>\n<\/div><\/div>\n","protected":false},"excerpt":{"rendered":"<p>Kathrin St\u00e4rk Primarlehrerin Als Primarlehrerin an einer \u00f6ffentlichen Schule Z\u00fcrichs macht es mir grosse Freude, den Sch\u00fclerinnen und Sch\u00fclern die mathematischen Lerninhalte zu vermitteln. Trotz Individualisierung und Integrativer F\u00f6rderung ist es jedoch nicht m\u00f6glich, allen Kindern im regul\u00e4ren Unterricht gerecht zu werden.&nbsp; Dyskalkulie-Terapeutin Bei der Arbeit als Dyskalkulie-Therapeutin kann ich das einzelne Kind in den [&hellip;]<\/p>\n","protected":false},"author":1,"featured_media":0,"parent":0,"menu_order":0,"comment_status":"closed","ping_status":"closed","template":"","meta":{"footnotes":""},"class_list":["post-27","page","type-page","status-publish","hentry"],"_links":{"self":[{"href":"https:\/\/matheratte.ch\/index.php?rest_route=\/wp\/v2\/pages\/27","targetHints":{"allow":["GET"]}}],"collection":[{"href":"https:\/\/matheratte.ch\/index.php?rest_route=\/wp\/v2\/pages"}],"about":[{"href":"https:\/\/matheratte.ch\/index.php?rest_route=\/wp\/v2\/types\/page"}],"author":[{"embeddable":true,"href":"https:\/\/matheratte.ch\/index.php?rest_route=\/wp\/v2\/users\/1"}],"replies":[{"embeddable":true,"href":"https:\/\/matheratte.ch\/index.php?rest_route=%2Fwp%2Fv2%2Fcomments&post=27"}],"version-history":[{"count":14,"href":"https:\/\/matheratte.ch\/index.php?rest_route=\/wp\/v2\/pages\/27\/revisions"}],"predecessor-version":[{"id":306,"href":"https:\/\/matheratte.ch\/index.php?rest_route=\/wp\/v2\/pages\/27\/revisions\/306"}],"wp:attachment":[{"href":"https:\/\/matheratte.ch\/index.php?rest_route=%2Fwp%2Fv2%2Fmedia&parent=27"}],"curies":[{"name":"wp","href":"https:\/\/api.w.org\/{rel}","templated":true}]}}